{"id":6389,"date":"2024-05-07T10:42:54","date_gmt":"2024-05-07T08:42:54","guid":{"rendered":"https:\/\/malamilna.eu\/wellness"},"modified":"2024-05-07T10:42:56","modified_gmt":"2024-05-07T08:42:56","slug":"wellness","status":"publish","type":"page","link":"https:\/\/malamilna.eu\/hr\/wellness","title":{"rendered":"Wellness"},"content":{"rendered":"<div id='full_slider_1'  class='avia-fullwidth-slider main_color avia-shadow   avia-builder-el-0  el_before_av_heading  avia-builder-el-first   container_wrap sidebar_right'  >\n<style type=\"text\/css\" data-created_by=\"avia_inline_auto\" id=\"style-css-av-l38m2mrf-61aa0d7ce3c1df29e49af80b214af904\">\n#top #wrap_all .avia-slideshow .av-slideshow-caption.av-l38m2mrf-61aa0d7ce3c1df29e49af80b214af904__0 .avia-caption-title{\nfont-size:33px;\ncolor:#ffffff;\n}\n<\/style>\n<div  class='avia-slideshow av-l38m2mrf-61aa0d7ce3c1df29e49af80b214af904 avia-slideshow-no scaling av_slideshow_full avia-slide-slider av-slideshow-ui av-control-default av-slideshow-manual av-loop-once av-loop-manual-endless av-default-height-applied   avia-slideshow-1' data-slideshow-options=\"{&quot;animation&quot;:&quot;slide&quot;,&quot;autoplay&quot;:false,&quot;loop_autoplay&quot;:&quot;once&quot;,&quot;interval&quot;:5,&quot;loop_manual&quot;:&quot;manual-endless&quot;,&quot;autoplay_stopper&quot;:false,&quot;noNavigation&quot;:false,&quot;bg_slider&quot;:false,&quot;keep_padding&quot;:false,&quot;hoverpause&quot;:false,&quot;show_slide_delay&quot;:0}\"  itemprop=\"image\" itemscope=\"itemscope\" itemtype=\"https:\/\/schema.org\/ImageObject\" ><ul class='avia-slideshow-inner ' style='padding-bottom: 42%;'><li  class='avia-slideshow-slide av-l38m2mrf-61aa0d7ce3c1df29e49af80b214af904__0  av-single-slide slide-1 slide-odd'><div data-rel='slideshow-1' class='avia-slide-wrap '   ><div class='av-slideshow-caption av-l38m2mrf-61aa0d7ce3c1df29e49af80b214af904__0 caption_fullwidth caption_right caption_right_framed caption_framed'><div class=\"container caption_container\"><div class=\"slideshow_caption\"><div class=\"slideshow_inner_caption\"><div class=\"slideshow_align_caption\"><h2 class='avia-caption-title '  itemprop=\"name\" >Wellness - Masa\u017ea - Opustite se<\/h2><\/div><\/div><\/div><\/div><\/div><img decoding=\"async\" fetchpriority=\"high\" class=\"wp-image-5770 avia-img-lazy-loading-not-5770\"  src=\"https:\/\/malamilna.eu\/wp-content\/uploads\/2021\/06\/Gostionica-Mala-Milna-Hvar-Wellness-Massage-Entspannung-Relax.jpg\" width=\"1500\" height=\"630\" title='Gostionica Mala Milna Hvar Wellness-Massage-Entspannung Relax' alt=''  itemprop=\"thumbnailUrl\" srcset=\"https:\/\/malamilna.eu\/wp-content\/uploads\/2021\/06\/Gostionica-Mala-Milna-Hvar-Wellness-Massage-Entspannung-Relax.jpg 1500w, https:\/\/malamilna.eu\/wp-content\/uploads\/2021\/06\/Gostionica-Mala-Milna-Hvar-Wellness-Massage-Entspannung-Relax-300x126.jpg 300w, https:\/\/malamilna.eu\/wp-content\/uploads\/2021\/06\/Gostionica-Mala-Milna-Hvar-Wellness-Massage-Entspannung-Relax-1030x433.jpg 1030w, https:\/\/malamilna.eu\/wp-content\/uploads\/2021\/06\/Gostionica-Mala-Milna-Hvar-Wellness-Massage-Entspannung-Relax-768x323.jpg 768w, https:\/\/malamilna.eu\/wp-content\/uploads\/2021\/06\/Gostionica-Mala-Milna-Hvar-Wellness-Massage-Entspannung-Relax-705x296.jpg 705w\" sizes=\"(max-width: 1500px) 100vw, 1500px\" \/><\/div><\/li><\/ul><\/div><\/div><div id='after_full_slider_1'  class='main_color av_default_container_wrap container_wrap sidebar_right'  ><div class='container av-section-cont-open' ><div class='template-page content  av-content-small alpha units'><div class='post-entry post-entry-type-page post-entry-6389'><div class='entry-content-wrapper clearfix'>\n\n<style type=\"text\/css\" data-created_by=\"avia_inline_auto\" id=\"style-css-av-bda1q6-92ea8b4691925b5fbcccec4bfe2b1517\">\n#top .av-special-heading.av-bda1q6-92ea8b4691925b5fbcccec4bfe2b1517{\npadding-bottom:10px;\n}\nbody .av-special-heading.av-bda1q6-92ea8b4691925b5fbcccec4bfe2b1517 .av-special-heading-tag .heading-char{\nfont-size:25px;\n}\n.av-special-heading.av-bda1q6-92ea8b4691925b5fbcccec4bfe2b1517 .av-subheading{\nfont-size:20px;\n}\n<\/style>\n<div  class='av-special-heading av-bda1q6-92ea8b4691925b5fbcccec4bfe2b1517 av-special-heading-h1 blockquote modern-quote  avia-builder-el-1  el_after_av_slideshow_full  el_before_av_hr  avia-builder-el-first '><div class='av-subheading av-subheading_above'><p>Masa\u017ea i opu\u0161tanje iznad Male Milne, Hvar<\/p>\n<\/div><h1 class='av-special-heading-tag'  itemprop=\"headline\"  >Wellness by Maria<\/h1><div class=\"special-heading-border\"><div class=\"special-heading-inner-border\"><\/div><\/div><\/div>\n\n<style type=\"text\/css\" data-created_by=\"avia_inline_auto\" id=\"style-css-av-5t8egu-e919c3c45acfaf321a89521070a43a89\">\n#top .hr.hr-invisible.av-5t8egu-e919c3c45acfaf321a89521070a43a89{\nheight:25px;\n}\n<\/style>\n<div  class='hr av-5t8egu-e919c3c45acfaf321a89521070a43a89 hr-invisible  avia-builder-el-2  el_after_av_heading  el_before_av_one_half '><span class='hr-inner '><span class=\"hr-inner-style\"><\/span><\/span><\/div>\n\n<style type=\"text\/css\" data-created_by=\"avia_inline_auto\" id=\"style-css-av-4pod1a-4dfe1f6e115b9bf433bd6d9706263637\">\n.flex_column.av-4pod1a-4dfe1f6e115b9bf433bd6d9706263637{\nborder-radius:0px 0px 0px 0px;\npadding:0px 0px 0px 0px;\n}\n<\/style>\n<div  class='flex_column av-4pod1a-4dfe1f6e115b9bf433bd6d9706263637 av_one_half  avia-builder-el-3  el_after_av_hr  el_before_av_one_half  first flex_column_div av-zero-column-padding  '     ><section  class='av_textblock_section av-35z9e6-d852a4ab4967e7eb223a1aa39c2d28ab '   itemscope=\"itemscope\" itemtype=\"https:\/\/schema.org\/CreativeWork\" ><div class='avia_textblock'  itemprop=\"text\" ><p>Klasi\u010dna masa\u017ea jedan je od najstarijih lijekova na svijetu. Razli\u010diti pokreti rukama (npr. milovanje, gnje\u010denje, trljanje i tapkanje) imaju za cilj pridonijeti opu\u0161tanju i ubla\u017eavanju boli.<\/p>\n<p>Gdje biste drugdje imali priliku u\u017eivati \u200b\u200bu svje\u017eem morskom zraku, uklju\u010duju\u0107i&#8230; \u017delite se maziti uz \u0161um mora i cvr\u010danje cvr\u010daka?<\/p>\n<p>U ugodnoj atmosferi na otvorenom, s pogledom na more, samo se opustite i opustite &#8211; ne brinite ni za \u0161to drugo nego&#8230; SEBE!<br \/>\nDo\u017eivite potpuno opu\u0161tanje &#8211; prepustite se i prepustite se neusporedivoj masa\u017ei&#8230;<\/p>\n<p><strong>Radujemo se va\u0161em posjetu!<\/strong><\/p>\n<\/div><\/section><\/div>\n\n<style type=\"text\/css\" data-created_by=\"avia_inline_auto\" id=\"style-css-av-46shq6-0a9daec11cd35d6d9d162ea945098494\">\n.flex_column.av-46shq6-0a9daec11cd35d6d9d162ea945098494{\nborder-radius:0px 0px 0px 0px;\npadding:0px 0px 0px 0px;\n}\n<\/style>\n<div  class='flex_column av-46shq6-0a9daec11cd35d6d9d162ea945098494 av_one_half  avia-builder-el-5  el_after_av_one_half  el_before_av_hr  flex_column_div av-zero-column-padding  '     ><p>\n<style type=\"text\/css\" data-created_by=\"avia_inline_auto\" id=\"style-css-av-kqg2cc4d-4750888fcf3728f8fc4b0247629831ec\">\n#top .hr.hr-invisible.av-kqg2cc4d-4750888fcf3728f8fc4b0247629831ec{\nheight:23px;\n}\n<\/style>\n<div  class='hr av-kqg2cc4d-4750888fcf3728f8fc4b0247629831ec hr-invisible  avia-builder-el-6  el_before_av_masonry_gallery  avia-builder-el-no-sibling '><span class='hr-inner '><span class=\"hr-inner-style\"><\/span><\/span><\/div><br \/>\n<div id='av-masonry-1' class='av-masonry av-kqg1ygv4-694e5d958ba94e521a5933a0493317a5 noHover av-flex-size av-large-gap av-hover-overlay- av-masonry-animation-active av-masonry-col-2 av-caption-always av-caption-style- av-masonry-gallery ' data-post_id=\"6389\"><div class=\"av-masonry-container isotope av-js-disabled\"><div class='av-masonry-entry isotope-item av-masonry-item-no-image '><\/div><a href=\"https:\/\/malamilna.eu\/wp-content\/uploads\/2021\/08\/Gostionica-Mala-Milna-Hvar-Wellness-Massage-Entspannung-P1150545-1200x675.jpg\" data-srcset=\"https:\/\/malamilna.eu\/wp-content\/uploads\/2021\/08\/Gostionica-Mala-Milna-Hvar-Wellness-Massage-Entspannung-P1150545-1200x675.jpg 1200w, https:\/\/malamilna.eu\/wp-content\/uploads\/2021\/08\/Gostionica-Mala-Milna-Hvar-Wellness-Massage-Entspannung-P1150545-300x169.jpg 300w, https:\/\/malamilna.eu\/wp-content\/uploads\/2021\/08\/Gostionica-Mala-Milna-Hvar-Wellness-Massage-Entspannung-P1150545-768x432.jpg 768w, https:\/\/malamilna.eu\/wp-content\/uploads\/2021\/08\/Gostionica-Mala-Milna-Hvar-Wellness-Massage-Entspannung-P1150545-1536x864.jpg 1536w, https:\/\/malamilna.eu\/wp-content\/uploads\/2021\/08\/Gostionica-Mala-Milna-Hvar-Wellness-Massage-Entspannung-P1150545-1500x844.jpg 1500w, https:\/\/malamilna.eu\/wp-content\/uploads\/2021\/08\/Gostionica-Mala-Milna-Hvar-Wellness-Massage-Entspannung-P1150545-705x397.jpg 705w, https:\/\/malamilna.eu\/wp-content\/uploads\/2021\/08\/Gostionica-Mala-Milna-Hvar-Wellness-Massage-Entspannung-P1150545.jpg 1600w\" data-sizes=\"(max-width: 1200px) 100vw, 1200px\"  aria-label=\"slika Gostionica Mala Milna Hvar Wellness-Massage-Entspannung P1150545\"  id='av-masonry-1-item-6001' data-av-masonry-item='6001' class='av-masonry-entry isotope-item post-6001 attachment type-attachment status-inherit hentry  av-masonry-item-with-image' title=\"Gostionica Mala Milna Hvar Wellness-Massage-Entspannung P1150545\" alt=\"\"    itemprop=\"thumbnailUrl\" ><div class='av-inner-masonry-sizer'><\/div><figure class='av-inner-masonry main_color'><div class=\"av-masonry-outerimage-container\"><div class='av-masonry-image-container'   ><img decoding=\"async\" width=\"705\" height=\"397\" fetchpriority=\"high\" class=\"wp-image-6001 avia-img-lazy-loading-not-6001\"  src=\"https:\/\/malamilna.eu\/wp-content\/uploads\/2021\/08\/Gostionica-Mala-Milna-Hvar-Wellness-Massage-Entspannung-P1150545-705x397.jpg\" title=\"Gostionica Mala Milna Hvar Wellness-Massage-Entspannung P1150545\" alt=\"\" srcset=\"https:\/\/malamilna.eu\/wp-content\/uploads\/2021\/08\/Gostionica-Mala-Milna-Hvar-Wellness-Massage-Entspannung-P1150545-705x397.jpg 705w, https:\/\/malamilna.eu\/wp-content\/uploads\/2021\/08\/Gostionica-Mala-Milna-Hvar-Wellness-Massage-Entspannung-P1150545-300x169.jpg 300w, https:\/\/malamilna.eu\/wp-content\/uploads\/2021\/08\/Gostionica-Mala-Milna-Hvar-Wellness-Massage-Entspannung-P1150545-1200x675.jpg 1200w, https:\/\/malamilna.eu\/wp-content\/uploads\/2021\/08\/Gostionica-Mala-Milna-Hvar-Wellness-Massage-Entspannung-P1150545-768x432.jpg 768w, https:\/\/malamilna.eu\/wp-content\/uploads\/2021\/08\/Gostionica-Mala-Milna-Hvar-Wellness-Massage-Entspannung-P1150545-1536x864.jpg 1536w, https:\/\/malamilna.eu\/wp-content\/uploads\/2021\/08\/Gostionica-Mala-Milna-Hvar-Wellness-Massage-Entspannung-P1150545-1500x844.jpg 1500w, https:\/\/malamilna.eu\/wp-content\/uploads\/2021\/08\/Gostionica-Mala-Milna-Hvar-Wellness-Massage-Entspannung-P1150545.jpg 1600w\" sizes=\"(max-width: 705px) 100vw, 705px\" \/><\/div><\/div><\/figure><\/a><!--end av-masonry entry--><a href=\"https:\/\/malamilna.eu\/wp-content\/uploads\/2021\/08\/Gostionica-Mala-Milna-Hvar-Wellness-Massage-Entspannung_P1150570a-1200x720.jpg\" data-srcset=\"https:\/\/malamilna.eu\/wp-content\/uploads\/2021\/08\/Gostionica-Mala-Milna-Hvar-Wellness-Massage-Entspannung_P1150570a-1200x720.jpg 1200w, https:\/\/malamilna.eu\/wp-content\/uploads\/2021\/08\/Gostionica-Mala-Milna-Hvar-Wellness-Massage-Entspannung_P1150570a-300x180.jpg 300w, https:\/\/malamilna.eu\/wp-content\/uploads\/2021\/08\/Gostionica-Mala-Milna-Hvar-Wellness-Massage-Entspannung_P1150570a-768x461.jpg 768w, https:\/\/malamilna.eu\/wp-content\/uploads\/2021\/08\/Gostionica-Mala-Milna-Hvar-Wellness-Massage-Entspannung_P1150570a-705x423.jpg 705w, https:\/\/malamilna.eu\/wp-content\/uploads\/2021\/08\/Gostionica-Mala-Milna-Hvar-Wellness-Massage-Entspannung_P1150570a.jpg 1500w\" data-sizes=\"(max-width: 1200px) 100vw, 1200px\"  aria-label=\"slika Gostionica Mala Milna Hvar Wellness-Massage-Entspannung_P1150570a\"  id='av-masonry-1-item-6003' data-av-masonry-item='6003' class='av-masonry-entry isotope-item post-6003 attachment type-attachment status-inherit hentry  av-masonry-item-with-image' title=\"Gostionica Mala Milna Hvar Wellness-Massage-Entspannung_P1150570a\" alt=\"\"    itemprop=\"thumbnailUrl\" ><div class='av-inner-masonry-sizer'><\/div><figure class='av-inner-masonry main_color'><div class=\"av-masonry-outerimage-container\"><div class='av-masonry-image-container'   ><img decoding=\"async\" width=\"705\" height=\"423\" fetchpriority=\"high\" class=\"wp-image-6003 avia-img-lazy-loading-not-6003\"  src=\"https:\/\/malamilna.eu\/wp-content\/uploads\/2021\/08\/Gostionica-Mala-Milna-Hvar-Wellness-Massage-Entspannung_P1150570a-705x423.jpg\" title=\"Gostionica Mala Milna Hvar Wellness-Massage-Entspannung_P1150570a\" alt=\"\" srcset=\"https:\/\/malamilna.eu\/wp-content\/uploads\/2021\/08\/Gostionica-Mala-Milna-Hvar-Wellness-Massage-Entspannung_P1150570a-705x423.jpg 705w, https:\/\/malamilna.eu\/wp-content\/uploads\/2021\/08\/Gostionica-Mala-Milna-Hvar-Wellness-Massage-Entspannung_P1150570a-300x180.jpg 300w, https:\/\/malamilna.eu\/wp-content\/uploads\/2021\/08\/Gostionica-Mala-Milna-Hvar-Wellness-Massage-Entspannung_P1150570a-1200x720.jpg 1200w, https:\/\/malamilna.eu\/wp-content\/uploads\/2021\/08\/Gostionica-Mala-Milna-Hvar-Wellness-Massage-Entspannung_P1150570a-768x461.jpg 768w, https:\/\/malamilna.eu\/wp-content\/uploads\/2021\/08\/Gostionica-Mala-Milna-Hvar-Wellness-Massage-Entspannung_P1150570a.jpg 1500w\" sizes=\"(max-width: 705px) 100vw, 705px\" \/><\/div><\/div><\/figure><\/a><!--end av-masonry entry--><a href=\"https:\/\/malamilna.eu\/wp-content\/uploads\/2022\/06\/Gostionica-Mala-Milna-Massage-Relax-Entspannung-1200x720.jpg\" data-srcset=\"https:\/\/malamilna.eu\/wp-content\/uploads\/2022\/06\/Gostionica-Mala-Milna-Massage-Relax-Entspannung-1200x720.jpg 1200w, https:\/\/malamilna.eu\/wp-content\/uploads\/2022\/06\/Gostionica-Mala-Milna-Massage-Relax-Entspannung-300x180.jpg 300w, https:\/\/malamilna.eu\/wp-content\/uploads\/2022\/06\/Gostionica-Mala-Milna-Massage-Relax-Entspannung-768x461.jpg 768w, https:\/\/malamilna.eu\/wp-content\/uploads\/2022\/06\/Gostionica-Mala-Milna-Massage-Relax-Entspannung-705x423.jpg 705w, https:\/\/malamilna.eu\/wp-content\/uploads\/2022\/06\/Gostionica-Mala-Milna-Massage-Relax-Entspannung.jpg 1500w\" data-sizes=\"(max-width: 1200px) 100vw, 1200px\"  aria-label=\"slika Gostionica Mala Milna Massage Relax Entspannung\"  id='av-masonry-1-item-6163' data-av-masonry-item='6163' class='av-masonry-entry isotope-item post-6163 attachment type-attachment status-inherit hentry  av-masonry-item-with-image' title=\"Gostionica Mala Milna Massage Relax Entspannung\" alt=\"\"    itemprop=\"thumbnailUrl\" ><div class='av-inner-masonry-sizer'><\/div><figure class='av-inner-masonry main_color'><div class=\"av-masonry-outerimage-container\"><div class='av-masonry-image-container'   ><img decoding=\"async\" width=\"705\" height=\"423\" fetchpriority=\"high\" class=\"wp-image-6163 avia-img-lazy-loading-not-6163\"  src=\"https:\/\/malamilna.eu\/wp-content\/uploads\/2022\/06\/Gostionica-Mala-Milna-Massage-Relax-Entspannung-705x423.jpg\" title=\"Gostionica Mala Milna Massage Relax Entspannung\" alt=\"\" srcset=\"https:\/\/malamilna.eu\/wp-content\/uploads\/2022\/06\/Gostionica-Mala-Milna-Massage-Relax-Entspannung-705x423.jpg 705w, https:\/\/malamilna.eu\/wp-content\/uploads\/2022\/06\/Gostionica-Mala-Milna-Massage-Relax-Entspannung-300x180.jpg 300w, https:\/\/malamilna.eu\/wp-content\/uploads\/2022\/06\/Gostionica-Mala-Milna-Massage-Relax-Entspannung-1200x720.jpg 1200w, https:\/\/malamilna.eu\/wp-content\/uploads\/2022\/06\/Gostionica-Mala-Milna-Massage-Relax-Entspannung-768x461.jpg 768w, https:\/\/malamilna.eu\/wp-content\/uploads\/2022\/06\/Gostionica-Mala-Milna-Massage-Relax-Entspannung.jpg 1500w\" sizes=\"(max-width: 705px) 100vw, 705px\" \/><\/div><\/div><\/figure><\/a><!--end av-masonry entry--><a href=\"https:\/\/malamilna.eu\/wp-content\/uploads\/2021\/08\/Gostionica-Mala-Milna-Hvar-Wellness-Massage-Entspannung_P1150558-1200x675.jpg\" data-srcset=\"https:\/\/malamilna.eu\/wp-content\/uploads\/2021\/08\/Gostionica-Mala-Milna-Hvar-Wellness-Massage-Entspannung_P1150558-1200x675.jpg 1200w, https:\/\/malamilna.eu\/wp-content\/uploads\/2021\/08\/Gostionica-Mala-Milna-Hvar-Wellness-Massage-Entspannung_P1150558-300x169.jpg 300w, https:\/\/malamilna.eu\/wp-content\/uploads\/2021\/08\/Gostionica-Mala-Milna-Hvar-Wellness-Massage-Entspannung_P1150558-768x432.jpg 768w, https:\/\/malamilna.eu\/wp-content\/uploads\/2021\/08\/Gostionica-Mala-Milna-Hvar-Wellness-Massage-Entspannung_P1150558-1536x864.jpg 1536w, https:\/\/malamilna.eu\/wp-content\/uploads\/2021\/08\/Gostionica-Mala-Milna-Hvar-Wellness-Massage-Entspannung_P1150558-1500x844.jpg 1500w, https:\/\/malamilna.eu\/wp-content\/uploads\/2021\/08\/Gostionica-Mala-Milna-Hvar-Wellness-Massage-Entspannung_P1150558-705x397.jpg 705w, https:\/\/malamilna.eu\/wp-content\/uploads\/2021\/08\/Gostionica-Mala-Milna-Hvar-Wellness-Massage-Entspannung_P1150558.jpg 1600w\" data-sizes=\"(max-width: 1200px) 100vw, 1200px\"  aria-label=\"slika Gostionica Mala Milna Hvar Wellness-Massage-Entspannung_P1150558\"  id='av-masonry-1-item-6002' data-av-masonry-item='6002' class='av-masonry-entry isotope-item post-6002 attachment type-attachment status-inherit hentry  av-masonry-item-with-image' title=\"Gostionica Mala Milna Hvar Wellness-Massage-Entspannung_P1150558\" alt=\"\"    itemprop=\"thumbnailUrl\" ><div class='av-inner-masonry-sizer'><\/div><figure class='av-inner-masonry main_color'><div class=\"av-masonry-outerimage-container\"><div class='av-masonry-image-container'   ><img decoding=\"async\" width=\"705\" height=\"397\" fetchpriority=\"high\" class=\"wp-image-6002 avia-img-lazy-loading-not-6002\"  src=\"https:\/\/malamilna.eu\/wp-content\/uploads\/2021\/08\/Gostionica-Mala-Milna-Hvar-Wellness-Massage-Entspannung_P1150558-705x397.jpg\" title=\"Gostionica Mala Milna Hvar Wellness-Massage-Entspannung_P1150558\" alt=\"\" srcset=\"https:\/\/malamilna.eu\/wp-content\/uploads\/2021\/08\/Gostionica-Mala-Milna-Hvar-Wellness-Massage-Entspannung_P1150558-705x397.jpg 705w, https:\/\/malamilna.eu\/wp-content\/uploads\/2021\/08\/Gostionica-Mala-Milna-Hvar-Wellness-Massage-Entspannung_P1150558-300x169.jpg 300w, https:\/\/malamilna.eu\/wp-content\/uploads\/2021\/08\/Gostionica-Mala-Milna-Hvar-Wellness-Massage-Entspannung_P1150558-1200x675.jpg 1200w, https:\/\/malamilna.eu\/wp-content\/uploads\/2021\/08\/Gostionica-Mala-Milna-Hvar-Wellness-Massage-Entspannung_P1150558-768x432.jpg 768w, https:\/\/malamilna.eu\/wp-content\/uploads\/2021\/08\/Gostionica-Mala-Milna-Hvar-Wellness-Massage-Entspannung_P1150558-1536x864.jpg 1536w, https:\/\/malamilna.eu\/wp-content\/uploads\/2021\/08\/Gostionica-Mala-Milna-Hvar-Wellness-Massage-Entspannung_P1150558-1500x844.jpg 1500w, https:\/\/malamilna.eu\/wp-content\/uploads\/2021\/08\/Gostionica-Mala-Milna-Hvar-Wellness-Massage-Entspannung_P1150558.jpg 1600w\" sizes=\"(max-width: 705px) 100vw, 705px\" \/><\/div><\/div><\/figure><\/a><!--end av-masonry entry--><\/div><\/div><\/p><\/div>\n<style type=\"text\/css\" data-created_by=\"avia_inline_auto\" id=\"style-css-av-kqg2zvn4-69096e830d7cbdd73fd1f5552fd2c05d\">\n#top .hr.hr-invisible.av-kqg2zvn4-69096e830d7cbdd73fd1f5552fd2c05d{\nheight:15px;\n}\n<\/style>\n<div  class='hr av-kqg2zvn4-69096e830d7cbdd73fd1f5552fd2c05d hr-invisible  avia-builder-el-8  el_after_av_one_half  el_before_av_image '><span class='hr-inner '><span class=\"hr-inner-style\"><\/span><\/span><\/div><\/p>\n\n<style type=\"text\/css\" data-created_by=\"avia_inline_auto\" id=\"style-css-av-kqg2yoqk-1d229a7abd5b99fa978ca22de1eca623\">\n.avia-image-container.av-kqg2yoqk-1d229a7abd5b99fa978ca22de1eca623 img.avia_image{\nbox-shadow:none;\n}\n.avia-image-container.av-kqg2yoqk-1d229a7abd5b99fa978ca22de1eca623 .av-image-caption-overlay-center{\ncolor:#ffffff;\n}\n<\/style>\n<div  class='avia-image-container av-kqg2yoqk-1d229a7abd5b99fa978ca22de1eca623 av-styling- avia-align-center  avia-builder-el-9  el_after_av_hr  el_before_av_hr '   itemprop=\"image\" itemscope=\"itemscope\" itemtype=\"https:\/\/schema.org\/ImageObject\" ><div class=\"avia-image-container-inner\"><div class=\"avia-image-overlay-wrap\"><img decoding=\"async\" fetchpriority=\"high\" class='wp-image-5769 avia-img-lazy-loading-not-5769 avia_image ' src=\"https:\/\/malamilna.eu\/wp-content\/uploads\/2021\/06\/Gostionica-Mala-Milna-Hvar-Wellness-Massage-Relax-Entspannung.jpg\" alt='' title='Gostionica Mala Milna Hvar Wellness-Massage-Relax Entspannung'  height=\"630\" width=\"1500\"  itemprop=\"thumbnailUrl\" srcset=\"https:\/\/malamilna.eu\/wp-content\/uploads\/2021\/06\/Gostionica-Mala-Milna-Hvar-Wellness-Massage-Relax-Entspannung.jpg 1500w, https:\/\/malamilna.eu\/wp-content\/uploads\/2021\/06\/Gostionica-Mala-Milna-Hvar-Wellness-Massage-Relax-Entspannung-300x126.jpg 300w, https:\/\/malamilna.eu\/wp-content\/uploads\/2021\/06\/Gostionica-Mala-Milna-Hvar-Wellness-Massage-Relax-Entspannung-1030x433.jpg 1030w, https:\/\/malamilna.eu\/wp-content\/uploads\/2021\/06\/Gostionica-Mala-Milna-Hvar-Wellness-Massage-Relax-Entspannung-768x323.jpg 768w, https:\/\/malamilna.eu\/wp-content\/uploads\/2021\/06\/Gostionica-Mala-Milna-Hvar-Wellness-Massage-Relax-Entspannung-705x296.jpg 705w\" sizes=\"(max-width: 1500px) 100vw, 1500px\" \/><\/div><\/div><\/div>\n\n<style type=\"text\/css\" data-created_by=\"avia_inline_auto\" id=\"style-css-av-2modym-976bdac719fcfc2e6f3692735f730c07\">\n#top .hr.hr-invisible.av-2modym-976bdac719fcfc2e6f3692735f730c07{\nheight:50px;\n}\n<\/style>\n<div  class='hr av-2modym-976bdac719fcfc2e6f3692735f730c07 hr-invisible  avia-builder-el-10  el_after_av_image  avia-builder-el-last '><span class='hr-inner '><span class=\"hr-inner-style\"><\/span><\/span><\/div>\n","protected":false},"excerpt":{"rendered":"","protected":false},"author":2,"featured_media":6002,"parent":0,"menu_order":4,"comment_status":"closed","ping_status":"closed","template":"","meta":{"footnotes":""},"class_list":["post-6389","page","type-page","status-publish","has-post-thumbnail","hentry"],"aioseo_notices":[],"_links":{"self":[{"href":"https:\/\/malamilna.eu\/hr\/wp-json\/wp\/v2\/pages\/6389","targetHints":{"allow":["GET"]}}],"collection":[{"href":"https:\/\/malamilna.eu\/hr\/wp-json\/wp\/v2\/pages"}],"about":[{"href":"https:\/\/malamilna.eu\/hr\/wp-json\/wp\/v2\/types\/page"}],"author":[{"embeddable":true,"href":"https:\/\/malamilna.eu\/hr\/wp-json\/wp\/v2\/users\/2"}],"replies":[{"embeddable":true,"href":"https:\/\/malamilna.eu\/hr\/wp-json\/wp\/v2\/comments?post=6389"}],"version-history":[{"count":5,"href":"https:\/\/malamilna.eu\/hr\/wp-json\/wp\/v2\/pages\/6389\/revisions"}],"predecessor-version":[{"id":6394,"href":"https:\/\/malamilna.eu\/hr\/wp-json\/wp\/v2\/pages\/6389\/revisions\/6394"}],"wp:featuredmedia":[{"embeddable":true,"href":"https:\/\/malamilna.eu\/hr\/wp-json\/wp\/v2\/media\/6002"}],"wp:attachment":[{"href":"https:\/\/malamilna.eu\/hr\/wp-json\/wp\/v2\/media?parent=6389"}],"curies":[{"name":"wp","href":"https:\/\/api.w.org\/{rel}","templated":true}]}}