{"id":6442,"date":"2024-05-07T10:46:07","date_gmt":"2024-05-07T08:46:07","guid":{"rendered":"https:\/\/malamilna.eu\/kontakt\/otisak"},"modified":"2024-05-07T10:46:10","modified_gmt":"2024-05-07T08:46:10","slug":"otisak","status":"publish","type":"page","link":"https:\/\/malamilna.eu\/hr\/kontakt\/otisak","title":{"rendered":"otisak"},"content":{"rendered":"\n<style type=\"text\/css\" data-created_by=\"avia_inline_auto\" id=\"style-css-av-fqu4b-599c9e80fb5a6308d9bd6463fc79e690\">\n#top .av-special-heading.av-fqu4b-599c9e80fb5a6308d9bd6463fc79e690{\npadding-bottom:10px;\n}\nbody .av-special-heading.av-fqu4b-599c9e80fb5a6308d9bd6463fc79e690 .av-special-heading-tag .heading-char{\nfont-size:25px;\n}\n.av-special-heading.av-fqu4b-599c9e80fb5a6308d9bd6463fc79e690 .av-subheading{\nfont-size:15px;\n}\n<\/style>\n<div  class='av-special-heading av-fqu4b-599c9e80fb5a6308d9bd6463fc79e690 av-special-heading-h1 blockquote modern-quote  avia-builder-el-0  el_before_av_hr  avia-builder-el-first '><h1 class='av-special-heading-tag'  itemprop=\"headline\"  >otisak<\/h1><div class=\"special-heading-border\"><div class=\"special-heading-inner-border\"><\/div><\/div><\/div>\n\n<style type=\"text\/css\" data-created_by=\"avia_inline_auto\" id=\"style-css-av-1ivhj-831372bed97e7187f917d648b3a74f67\">\n#top .hr.hr-invisible.av-1ivhj-831372bed97e7187f917d648b3a74f67{\nheight:35px;\n}\n<\/style>\n<div  class='hr av-1ivhj-831372bed97e7187f917d648b3a74f67 hr-invisible  avia-builder-el-1  el_after_av_heading  el_before_av_four_fifth '><span class='hr-inner '><span class=\"hr-inner-style\"><\/span><\/span><\/div>\n\n<style type=\"text\/css\" data-created_by=\"avia_inline_auto\" id=\"style-css-av-enusv-2e52c62a3e6b2397355a107742de5777\">\n.flex_column.av-enusv-2e52c62a3e6b2397355a107742de5777{\nborder-radius:0px 0px 0px 0px;\npadding:0px 0px 0px 0px;\n}\n<\/style>\n<div  class='flex_column av-enusv-2e52c62a3e6b2397355a107742de5777 av_four_fifth  avia-builder-el-2  el_after_av_hr  el_before_av_one_fifth  first flex_column_div av-zero-column-padding  '     ><section  class='av_textblock_section av-dzyxb-69dc00117c5cacf6ce5287eb9ba0d450 '   itemscope=\"itemscope\" itemtype=\"https:\/\/schema.org\/CreativeWork\" ><div class='avia_textblock'  itemprop=\"text\" ><p><strong>Gostionica Mala Milna<\/strong><br \/>\n\u2013 Mala Milna \u2013<\/p>\n<p>Kuzma Tudor<br \/>\nPunta Milna 3<br \/>\n21450 Hvar<br \/>\nHrvatska<\/p>\n<p>Telefon: +385 21 745 043<\/p>\n<p>E-mail: <a href=\"mailto:info@malamilna.eu\">info@malamilna.eu<\/a><\/p>\n<p><strong>koordinate:<\/strong><br \/>\n43\u00b009&#8217;45.8&#8243;N 16\u00b029&#8217;00.2&#8243;E<\/p>\n<\/div><\/section><\/div>\n\n<style type=\"text\/css\" data-created_by=\"avia_inline_auto\" id=\"style-css-av-d7t9n-abcbaf6e509a1c53e6c1205f38b1614a\">\n.flex_column.av-d7t9n-abcbaf6e509a1c53e6c1205f38b1614a{\nborder-radius:0px 0px 0px 0px;\npadding:0px 0px 0px 0px;\n}\n<\/style>\n<div  class='flex_column av-d7t9n-abcbaf6e509a1c53e6c1205f38b1614a av_one_fifth  avia-builder-el-4  el_after_av_four_fifth  el_before_av_hr  flex_column_div av-zero-column-padding  '     ><p>\n<style type=\"text\/css\" data-created_by=\"avia_inline_auto\" id=\"style-css-av-kqazysb6-cb84198bfcc8105431dcbcbb4438e6dd\">\n#top .hr.hr-invisible.av-kqazysb6-cb84198bfcc8105431dcbcbb4438e6dd{\nheight:15px;\n}\n<\/style>\n<div  class='hr av-kqazysb6-cb84198bfcc8105431dcbcbb4438e6dd hr-invisible  avia-builder-el-5  el_before_av_image  avia-builder-el-first '><span class='hr-inner '><span class=\"hr-inner-style\"><\/span><\/span><\/div><br \/>\n\n<style type=\"text\/css\" data-created_by=\"avia_inline_auto\" id=\"style-css-av-kqddf9eh-be8285f461310dfb319cca35783a0466\">\n.avia-image-container.av-kqddf9eh-be8285f461310dfb319cca35783a0466 img.avia_image{\nbox-shadow:none;\n}\n.avia-image-container.av-kqddf9eh-be8285f461310dfb319cca35783a0466 .av-image-caption-overlay-center{\ncolor:#ffffff;\n}\n<\/style>\n<div  class='avia-image-container av-kqddf9eh-be8285f461310dfb319cca35783a0466 av-styling- avia-align-center  avia-builder-el-6  el_after_av_hr  avia-builder-el-last '   itemprop=\"image\" itemscope=\"itemscope\" itemtype=\"https:\/\/schema.org\/ImageObject\" ><div class=\"avia-image-container-inner\"><div class=\"avia-image-overlay-wrap\"><img decoding=\"async\" fetchpriority=\"high\" class='wp-image-5766 avia-img-lazy-loading-not-5766 avia_image ' src=\"https:\/\/malamilna.eu\/wp-content\/uploads\/2021\/06\/Impressum-eRecht24-790x1030.png\" alt='' title='Impressum eRecht24'  height=\"1030\" width=\"790\"  itemprop=\"thumbnailUrl\" srcset=\"https:\/\/malamilna.eu\/wp-content\/uploads\/2021\/06\/Impressum-eRecht24-790x1030.png 790w, https:\/\/malamilna.eu\/wp-content\/uploads\/2021\/06\/Impressum-eRecht24-230x300.png 230w, https:\/\/malamilna.eu\/wp-content\/uploads\/2021\/06\/Impressum-eRecht24-768x1001.png 768w, https:\/\/malamilna.eu\/wp-content\/uploads\/2021\/06\/Impressum-eRecht24-1151x1500.png 1151w, https:\/\/malamilna.eu\/wp-content\/uploads\/2021\/06\/Impressum-eRecht24-541x705.png 541w, https:\/\/malamilna.eu\/wp-content\/uploads\/2021\/06\/Impressum-eRecht24.png 1171w\" sizes=\"(max-width: 790px) 100vw, 790px\" \/><\/div><\/div><\/div><\/p><\/div>\n<div  class='hr av-8l7-64b5c7f81c67aeec2681ba9cf212668b hr-default  avia-builder-el-7  el_after_av_one_fifth  el_before_av_one_full '><span class='hr-inner '><span class=\"hr-inner-style\"><\/span><\/span><\/div>\n\n<style type=\"text\/css\" data-created_by=\"avia_inline_auto\" id=\"style-css-av-1c927-113dc30664cf3880c4e872d0b8b98aba\">\n.flex_column.av-1c927-113dc30664cf3880c4e872d0b8b98aba{\nborder-radius:0px 0px 0px 0px;\npadding:0px 0px 0px 0px;\n}\n<\/style>\n<div  class='flex_column av-1c927-113dc30664cf3880c4e872d0b8b98aba av_one_full  avia-builder-el-8  el_after_av_hr  el_before_av_hr  first flex_column_div av-zero-column-padding  '     ><section  class='av_textblock_section av-kqb04ny3-2f6338b6b77f37970a1ca1182de28ade '   itemscope=\"itemscope\" itemtype=\"https:\/\/schema.org\/CreativeWork\" ><div class='avia_textblock'  itemprop=\"text\" ><h3>Odgovorno uredni\u0161tvo<\/h3>\n<p>Kuzma Tudor<\/p>\n<h3>EU rje\u0161avanje sporova<\/h3>\n<p>Europska komisija pru\u017ea platformu za online rje\u0161avanje sporova (OS): <a href=\"https:\/\/ec.europa.eu\/consumers\/odr\/\" target=\"_blank\" rel=\"noopener noreferrer\">https:\/\/ec.europa.eu\/consumers\/odr\/<\/a> .<br \/>\nNa\u0161u adresu e-po\u0161te mo\u017eete prona\u0107i iznad u pravnoj obavijesti.<\/p>\n<h3>Rje\u0161avanje potro\u0161a\u010dkih sporova\/univerzalna arbitra\u017ea<\/h3>\n<p>Nismo voljni niti smo obavezni sudjelovati u postupku rje\u0161avanja sporova pred arbitra\u017eom potro\u0161a\u010da.<\/p>\n<\/div><\/section><\/div><div  class='hr av-149y3-2d4aff14da2dca40add4d622ed7d57aa hr-default  avia-builder-el-10  el_after_av_one_full  el_before_av_heading '><span class='hr-inner '><span class=\"hr-inner-style\"><\/span><\/span><\/div><\/p>\n\n<style type=\"text\/css\" data-created_by=\"avia_inline_auto\" id=\"style-css-av-kqb0942e-ea18791d03e9033ecbb311243dc404da\">\n#top .av-special-heading.av-kqb0942e-ea18791d03e9033ecbb311243dc404da{\npadding-bottom:10px;\n}\nbody .av-special-heading.av-kqb0942e-ea18791d03e9033ecbb311243dc404da .av-special-heading-tag .heading-char{\nfont-size:25px;\n}\n.av-special-heading.av-kqb0942e-ea18791d03e9033ecbb311243dc404da .av-subheading{\nfont-size:15px;\n}\n<\/style>\n<div  class='av-special-heading av-kqb0942e-ea18791d03e9033ecbb311243dc404da av-special-heading-h1 blockquote modern-quote  avia-builder-el-11  el_after_av_hr  el_before_av_hr '><h1 class='av-special-heading-tag'  itemprop=\"headline\"  >Web dizajn &#8211; foto &#8211; video<\/h1><div class=\"special-heading-border\"><div class=\"special-heading-inner-border\"><\/div><\/div><\/div>\n\n<style type=\"text\/css\" data-created_by=\"avia_inline_auto\" id=\"style-css-av-yzqv-3ef1aff981abe6150e8b93ebfa407bc8\">\n#top .hr.hr-invisible.av-yzqv-3ef1aff981abe6150e8b93ebfa407bc8{\nheight:25px;\n}\n<\/style>\n<div  class='hr av-yzqv-3ef1aff981abe6150e8b93ebfa407bc8 hr-invisible  avia-builder-el-12  el_after_av_heading  el_before_av_two_third '><span class='hr-inner '><span class=\"hr-inner-style\"><\/span><\/span><\/div>\n\n<style type=\"text\/css\" data-created_by=\"avia_inline_auto\" id=\"style-css-av-1908n-f5baa5717dbeb063be5a6a7e3caa1465\">\n.flex_column.av-1908n-f5baa5717dbeb063be5a6a7e3caa1465{\nborder-radius:0px 0px 0px 0px;\npadding:0px 0px 0px 0px;\n}\n<\/style>\n<div  class='flex_column av-1908n-f5baa5717dbeb063be5a6a7e3caa1465 av_two_third  avia-builder-el-13  el_after_av_hr  el_before_av_one_third  first flex_column_div av-zero-column-padding  '     ><section  class='av_textblock_section av-bw0fn-2327bb5216d8b19c7ab57a9c2f80f963 '   itemscope=\"itemscope\" itemtype=\"https:\/\/schema.org\/CreativeWork\" ><div class='avia_textblock'  itemprop=\"text\" ><h2><a href=\"https:\/\/www.otto-photo.de\" target=\"_blank\" rel=\"noopener\">www.otto-photo.de<\/a><\/h2>\n<p>Autorsko pravo \u00a9 slikovni podaci za\u0161ti\u0107eni autorskim pravom: Manfred Otto<\/p>\n<p>Manfred Otto<br \/>\nBahnhofstrasse 34<br \/>\n23714 Malente<\/p>\n<p><a href=\"mailto:info@otto-photo.de\" target=\"_blank\" rel=\"noopener\">info@otto-photo.de<\/a><\/p>\n<p>+49 4523 200356<br \/>\n+49 171 8308564<\/p>\n<\/div><\/section><\/div>\n\n<style type=\"text\/css\" data-created_by=\"avia_inline_auto\" id=\"style-css-av-w2cf-e4a8ba707ceaf08b33c86cba1bc4e604\">\n.flex_column.av-w2cf-e4a8ba707ceaf08b33c86cba1bc4e604{\nborder-radius:0px 0px 0px 0px;\npadding:0px 0px 0px 0px;\n}\n<\/style>\n<div  class='flex_column av-w2cf-e4a8ba707ceaf08b33c86cba1bc4e604 av_one_third  avia-builder-el-15  el_after_av_two_third  el_before_av_hr  flex_column_div av-zero-column-padding  '     ><p>\n<style type=\"text\/css\" data-created_by=\"avia_inline_auto\" id=\"style-css-av-ns9v-6430391f211a8979500dbcb46f41250c\">\n#top .hr.hr-invisible.av-ns9v-6430391f211a8979500dbcb46f41250c{\nheight:45px;\n}\n<\/style>\n<div  class='hr av-ns9v-6430391f211a8979500dbcb46f41250c hr-invisible  avia-builder-el-16  el_before_av_image  avia-builder-el-first '><span class='hr-inner '><span class=\"hr-inner-style\"><\/span><\/span><\/div><br \/>\n\n<style type=\"text\/css\" data-created_by=\"avia_inline_auto\" id=\"style-css-av-kqufl1zm-7071029879026ed691c02f97057dc8d4\">\n.avia-image-container.av-kqufl1zm-7071029879026ed691c02f97057dc8d4 img.avia_image{\nbox-shadow:none;\n}\n.avia-image-container.av-kqufl1zm-7071029879026ed691c02f97057dc8d4 .av-image-caption-overlay-center{\ncolor:#ffffff;\n}\n<\/style>\n<div  class='avia-image-container av-kqufl1zm-7071029879026ed691c02f97057dc8d4 av-styling- av-img-linked avia-align-center  avia-builder-el-17  el_after_av_hr  avia-builder-el-last '   itemprop=\"image\" itemscope=\"itemscope\" itemtype=\"https:\/\/schema.org\/ImageObject\" ><div class=\"avia-image-container-inner\"><div class=\"avia-image-overlay-wrap\"><a href=\"https:\/\/malamilna.eu\/wp-content\/uploads\/2021\/07\/Manfred-Otto-otto-photo-Webdesign-Homepage-Foto-Video-1030x643.jpg\" data-srcset=\"https:\/\/malamilna.eu\/wp-content\/uploads\/2021\/07\/Manfred-Otto-otto-photo-Webdesign-Homepage-Foto-Video-1030x643.jpg 1030w, https:\/\/malamilna.eu\/wp-content\/uploads\/2021\/07\/Manfred-Otto-otto-photo-Webdesign-Homepage-Foto-Video-300x187.jpg 300w, https:\/\/malamilna.eu\/wp-content\/uploads\/2021\/07\/Manfred-Otto-otto-photo-Webdesign-Homepage-Foto-Video-768x479.jpg 768w, https:\/\/malamilna.eu\/wp-content\/uploads\/2021\/07\/Manfred-Otto-otto-photo-Webdesign-Homepage-Foto-Video-705x440.jpg 705w, https:\/\/malamilna.eu\/wp-content\/uploads\/2021\/07\/Manfred-Otto-otto-photo-Webdesign-Homepage-Foto-Video.jpg 1500w\" data-sizes=\"(max-width: 1030px) 100vw, 1030px\" class='avia_image '  aria-label='Manfred-Otto-otto-photo-Webdesign Homepage Foto Video'><img decoding=\"async\" fetchpriority=\"high\" class='wp-image-5902 avia-img-lazy-loading-not-5902 avia_image ' src=\"https:\/\/malamilna.eu\/wp-content\/uploads\/2021\/07\/Manfred-Otto-otto-photo-Webdesign-Homepage-Foto-Video-1030x643.jpg\" alt='' title='Manfred-Otto-otto-photo-Webdesign Homepage Foto Video'  height=\"643\" width=\"1030\"  itemprop=\"thumbnailUrl\" srcset=\"https:\/\/malamilna.eu\/wp-content\/uploads\/2021\/07\/Manfred-Otto-otto-photo-Webdesign-Homepage-Foto-Video-1030x643.jpg 1030w, https:\/\/malamilna.eu\/wp-content\/uploads\/2021\/07\/Manfred-Otto-otto-photo-Webdesign-Homepage-Foto-Video-300x187.jpg 300w, https:\/\/malamilna.eu\/wp-content\/uploads\/2021\/07\/Manfred-Otto-otto-photo-Webdesign-Homepage-Foto-Video-768x479.jpg 768w, https:\/\/malamilna.eu\/wp-content\/uploads\/2021\/07\/Manfred-Otto-otto-photo-Webdesign-Homepage-Foto-Video-705x440.jpg 705w, https:\/\/malamilna.eu\/wp-content\/uploads\/2021\/07\/Manfred-Otto-otto-photo-Webdesign-Homepage-Foto-Video.jpg 1500w\" sizes=\"(max-width: 1030px) 100vw, 1030px\" \/><\/a><\/div><\/div><\/div><\/p><\/div>\n\n<style type=\"text\/css\" data-created_by=\"avia_inline_auto\" id=\"style-css-av-138zj-a2293e2f7d30096f9de7b5fd9bd160aa\">\n#top .hr.hr-invisible.av-138zj-a2293e2f7d30096f9de7b5fd9bd160aa{\nheight:50px;\n}\n<\/style>\n<div  class='hr av-138zj-a2293e2f7d30096f9de7b5fd9bd160aa hr-invisible  avia-builder-el-18  el_after_av_one_third  avia-builder-el-last '><span class='hr-inner '><span class=\"hr-inner-style\"><\/span><\/span><\/div>\n","protected":false},"excerpt":{"rendered":"","protected":false},"author":2,"featured_media":0,"parent":6432,"menu_order":4,"comment_status":"closed","ping_status":"closed","template":"","meta":{"footnotes":""},"class_list":["post-6442","page","type-page","status-publish","hentry"],"aioseo_notices":[],"_links":{"self":[{"href":"https:\/\/malamilna.eu\/hr\/wp-json\/wp\/v2\/pages\/6442","targetHints":{"allow":["GET"]}}],"collection":[{"href":"https:\/\/malamilna.eu\/hr\/wp-json\/wp\/v2\/pages"}],"about":[{"href":"https:\/\/malamilna.eu\/hr\/wp-json\/wp\/v2\/types\/page"}],"author":[{"embeddable":true,"href":"https:\/\/malamilna.eu\/hr\/wp-json\/wp\/v2\/users\/2"}],"replies":[{"embeddable":true,"href":"https:\/\/malamilna.eu\/hr\/wp-json\/wp\/v2\/comments?post=6442"}],"version-history":[{"count":5,"href":"https:\/\/malamilna.eu\/hr\/wp-json\/wp\/v2\/pages\/6442\/revisions"}],"predecessor-version":[{"id":6447,"href":"https:\/\/malamilna.eu\/hr\/wp-json\/wp\/v2\/pages\/6442\/revisions\/6447"}],"up":[{"embeddable":true,"href":"https:\/\/malamilna.eu\/hr\/wp-json\/wp\/v2\/pages\/6432"}],"wp:attachment":[{"href":"https:\/\/malamilna.eu\/hr\/wp-json\/wp\/v2\/media?parent=6442"}],"curies":[{"name":"wp","href":"https:\/\/api.w.org\/{rel}","templated":true}]}}